{"id":1410,"date":"2025-09-15T08:40:46","date_gmt":"2025-09-15T08:40:46","guid":{"rendered":"https:\/\/onroadrb.com\/services\/rodaje-de-serie\/"},"modified":"2025-10-10T10:18:06","modified_gmt":"2025-10-10T10:18:06","slug":"series-filming","status":"publish","type":"page","link":"https:\/\/onroadrb.com\/en\/services\/series-filming\/","title":{"rendered":"Series Filming"},"content":{"rendered":"<section class=\"aboutus_14_1 background-1-light\" id=\"\"\r\n    original-block-id=\"block_291be3afefbd78b90cfe2812f7ccdaa6\" data-block-id=\"69e16b727499f69e16b72749a0\" data-block-name=\"acf\/about-us-14-1\" data-post-id=\"1410\" data-stable-id=\"block_291be3afefbd78b90cfe2812f7ccdaa6\">\r\n    <div class=\"container\">\r\n        <div class=\"row\" data-aos=\"fade-up\">\r\n            <div class=\"col col-titulo\">\r\n                                <h2 class=\"titulo tamano2 color-1-headings-dark\"><span class=\"ez-toc-section\" id=\"Netflix_Series_Shoot_Event\"><\/span>Netflix Series Shoot Event<span class=\"ez-toc-section-end\"><\/span><\/h2>\r\n                            <\/div>\r\n            <div class=\"col col-down\">\r\n\r\n                                <div class=\"textos\">\r\n                                        <div class=\"texto color-1-body-dark tamano7\">\r\n                        <p>The versatility of a 4&#215;4 pickup in shoots and special events<br \/>\nWhen it comes to filming in hard-to-reach locations, having a reliable and powerful vehicle is key to ensuring logistics and the success of the shoot. A 4&#215;4 pickup like the Ford Ranger becomes an indispensable tool for assisting in audiovisual productions, allowing the transportation of equipment, props, technical personnel, and even scenery on challenging terrains. In the case of an outdoor shoot, in the middle of nature and on dirt roads, the integral traction capacity ensures that cameras, generators, tents, costumes, and catering reach their destination without setbacks. Moreover, its large loading space facilitates the transport of bulky elements such as filming cranes, mobile structures, or even paddle boards and bicycles, offering versatility to the production.<\/p>\n                    <\/div>\r\n                    \r\n                                        <div class=\"texto color-1-body-dark tamano7 hide\">\r\n                        <p><span style=\"font-weight: 400\">The <\/span><b>rental of 4&#215;4 pickups<\/b><span style=\"font-weight: 400\"> is a practical solution not only for the audiovisual industry but also for corporate events, photographic productions, outdoor festivals, brand activations, or sports expeditions. Thanks to their resistance, comfort, and equipment, these vehicles allow work in remote locations with the same efficiency as in the city. <\/span><span style=\"font-weight: 400\">Whether to shoot a series in a natural setting, organize an outdoor event, or transport equipment in hard-to-reach places, a 4&#215;4 pickup like the Ranger offers the perfect combination of power, comfort, and functionality<\/span><\/p>\n                    <\/div>\r\n                                    <\/div>\r\n\r\n                                <div class=\"vermas tamano7 boton-4-texto-normal\">\r\n                    <span class=\"mas tamano7 boton-4-texto-normal\">Read more<\/span>\r\n                    <span class=\"menos hide tamano7 boton-4-texto-normal\">Read less<\/span>\r\n                    <svg width=\"13\" height=\"8\" viewBox=\"0 0 13 8\" fill=\"none\"\r\n                        xmlns=\"http:\/\/www.w3.org\/2000\/svg\">\r\n                        <path id=\"Vector 14\" d=\"M1 1L6.5 6.5L12 1\" stroke=\"currentColor\" stroke-width=\"1.5\" \/>\r\n                    <\/svg>\r\n                <\/div>\r\n                                \r\n                \r\n            <\/div>\r\n        <\/div>\r\n    <\/div>\r\n<\/section>\r\n<style>\r\n    .aboutus_14_1 .vermas .hide {\r\n        display: none;\r\n    }\r\n\r\n    .aboutus_14_1 .vermas.show svg {\r\n        transform: rotate(180deg);\r\n    }\r\n\r\n    .aboutus_14_1 .vermas {\r\n        display: none;\r\n        margin-top: 20px;\r\n        align-items: center;\r\n        gap: 10px;\r\n        cursor: pointer;\r\n    }\r\n\r\n    .aboutus_14_1 .vermas span {\r\n        font-weight: var(--tamano5-font-weight);\r\n    }\r\n\r\n    .aboutus_14_1 .btn-round {\r\n        border-radius: 60px;\r\n        padding: 12px 25px !important;\r\n        display: inline-block;\r\n        min-width: 175px;\r\n        text-align: center;\r\n        text-decoration: none;\r\n        margin-top: 40px;\r\n    }\r\n\r\n    .aboutus_14_1 .texto {\r\n        display: flex;\r\n        flex-direction: column;\r\n        gap: 20px;\r\n    }\r\n\r\n    .aboutus_14_1 h2 {\r\n        padding-bottom: 55px;\r\n    }\r\n\r\n    .aboutus_14_1 .textos .texto {\r\n        width: 50%;\r\n    }\r\n\r\n    .aboutus_14_1 .textos {\r\n        display: flex;\r\n        gap: 30px;\r\n    }\r\n\r\n    .aboutus_14_1 {\r\n        position: relative;\r\n        background-position: center;\r\n        background-repeat: no-repeat;\r\n        background-size: cover;\r\n        padding: 81px 150px;\r\n        margin-top: -1px;\r\n    }\r\n\r\n    @media (max-width:1550px) {\r\n        .aboutus_14_1 {\r\n            padding-left: 50px;\r\n            padding-right: 50px;\r\n        }\r\n    }\r\n\r\n    @media (max-width:1200px) {\r\n        .aboutus_14_1 {\r\n            padding-left: 0;\r\n            padding-right: 0;\r\n        }\r\n    }\r\n\r\n    @media (max-width:992px) {\r\n        .aboutus_14_1 .textos {\r\n            flex-direction: column;\r\n            gap: 20px;\r\n        }\r\n\r\n        .aboutus_14_1 .textos .texto {\r\n            width: 100%;\r\n        }\r\n\r\n        .aboutus_14_1 h2 {\r\n            padding-bottom: 35px;\r\n        }\r\n\r\n        .aboutus_14_1 {\r\n            padding: 40px 0;\r\n        }\r\n    }\r\n\r\n    @media (max-width: 768px) {\r\n\r\n        .aboutus_14_1 .textos .texto:first-child p:not(:first-child),\r\n        .aboutus_14_1 .textos .texto:nth-child(2) {\r\n            display: none;\r\n        }\r\n\r\n        .aboutus_14_1 .textos .texto:first-child.show p:not(:first-child),\r\n        .aboutus_14_1 .textos .texto:nth-child(2).show {\r\n            display: block;\r\n        }\r\n\r\n        .aboutus_14_1 .vermas {\r\n            display: flex;\r\n            width: max-content;\r\n        }\r\n\r\n        .aboutus_14_1 h2 {\r\n            line-height: var(--tamano4-line-height);\r\n        }\r\n    }\r\n<\/style>\r\n<script>\r\n    jQuery(document).ready(function($) {\r\n        const $instance = $('.aboutus_14_1[original-block-id=\"block_291be3afefbd78b90cfe2812f7ccdaa6\"]');\r\n\r\n        if (!$instance.length) return;\r\n\r\n        $instance.on('click', '.vermas', function() {\r\n            if (window.matchMedia(\"(max-width: 768px)\").matches) {\r\n                const $vermas = $(this);\r\n                const $textos = $instance.find('.texto');\r\n\r\n                $textos.toggleClass('show');\r\n                $vermas.toggleClass('show');\r\n                $vermas.find('span').toggleClass('hide');\r\n            }\r\n        });\r\n    });\r\n<\/script>\r\n<section class=\"galery_1_1 background-1-light\" id=\"\" data-block-id=\"69e16b7276a7169e16b7276a72\" data-block-name=\"acf\/galery-1-1\" data-post-id=\"1410\" data-stable-id=\"block_f09953fc9f157c670c1cb4a703720b7c\">\r\n        <div class=\"container\">\r\n        <div class=\"row\">\r\n            <div class=\"col\">\r\n                <div class=\"flecha flecha-left\">\r\n                    <svg width=\"40\" height=\"40\" viewBox=\"0 0 40 40\" fill=\"none\"\r\n                        xmlns=\"http:\/\/www.w3.org\/2000\/svg\">\r\n                        <g id=\"Group 216\">\r\n                            <circle id=\"Oval Copy\" cx=\"20\" cy=\"20\" r=\"20\" fill=\"white\" \/>\r\n                            <path id=\"icon_arrow\" fill-rule=\"evenodd\" clip-rule=\"evenodd\"\r\n                                d=\"M18.5017 23.4425C18.8096 23.7196 18.8346 24.1938 18.5575 24.5017C18.2804 24.8096 17.8062 24.8346 17.4983 24.5575L12.5008 20.0597C12.3469 19.9223 12.25 19.7225 12.25 19.5C12.25 19.2775 12.3469 19.0776 12.5008 18.9402L17.4983 14.4425C17.8062 14.1654 18.2804 14.1904 18.5575 14.4983C18.8346 14.8062 18.8096 15.2804 18.5017 15.5575L14.9545 18.75L27 18.75C27.4142 18.75 27.75 19.0858 27.75 19.5C27.75 19.9142 27.4142 20.25 27 20.25L14.9545 20.25L18.5017 23.4425Z\"\r\n                                fill=\"#2B275C\" \/>\r\n                        <\/g>\r\n                    <\/svg>\r\n                <\/div>\r\n                <div class=\"flecha flecha-right\">\r\n                    <svg width=\"40\" height=\"40\" viewBox=\"0 0 40 40\" fill=\"none\"\r\n                        xmlns=\"http:\/\/www.w3.org\/2000\/svg\">\r\n                        <g id=\"Group 216\">\r\n                            <circle id=\"Oval Copy\" cx=\"20\" cy=\"20\" r=\"20\" fill=\"white\" \/>\r\n                            <path id=\"icon_arrow\" fill-rule=\"evenodd\" clip-rule=\"evenodd\"\r\n                                d=\"M18.5017 23.4425C18.8096 23.7196 18.8346 24.1938 18.5575 24.5017C18.2804 24.8096 17.8062 24.8346 17.4983 24.5575L12.5008 20.0597C12.3469 19.9223 12.25 19.7225 12.25 19.5C12.25 19.2775 12.3469 19.0776 12.5008 18.9402L17.4983 14.4425C17.8062 14.1654 18.2804 14.1904 18.5575 14.4983C18.8346 14.8062 18.8096 15.2804 18.5017 15.5575L14.9545 18.75L27 18.75C27.4142 18.75 27.75 19.0858 27.75 19.5C27.75 19.9142 27.4142 20.25 27 20.25L14.9545 20.25L18.5017 23.4425Z\"\r\n                                fill=\"#2B275C\" \/>\r\n                        <\/g>\r\n                    <\/svg>\r\n                <\/div>\r\n                <div class=\"galeria\">\r\n                                                                    <img decoding=\"async\" src=\"https:\/\/onroadrb.com\/wp-content\/uploads\/2025\/07\/2615313E-E920-4442-8C24-85AA312492C5-scaled.jpg\" alt=\"\" title=\"2615313E-E920-4442-8C24-85AA312492C5\">\r\n                                                <img decoding=\"async\" src=\"https:\/\/onroadrb.com\/wp-content\/uploads\/2025\/07\/Imagen-de-WhatsApp-2025-07-23-a-las-21.14.08_4643dd8e.jpg\" alt=\"\" title=\"Imagen de WhatsApp 2025-07-23 a las 21.14.08_4643dd8e\">\r\n                                                <img decoding=\"async\" src=\"https:\/\/onroadrb.com\/wp-content\/uploads\/2025\/07\/Imagen-de-WhatsApp-2025-07-23-a-las-21.14.08_3e8c22c6.jpg\" alt=\"\" title=\"Imagen de WhatsApp 2025-07-23 a las 21.14.08_3e8c22c6\">\r\n                                                            <\/div>\r\n            <\/div>\r\n        <\/div>\r\n    <\/div>\r\n<\/section>\r\n<style>\r\n    .galery_1_1 .galeria img {\r\n        max-height: 390px;\r\n        margin: 0 2px;\r\n    }\r\n\r\n    .galery_1_1 .container {\r\n        padding: 0 !important;\r\n        max-width: 100% !important;\r\n    }\r\n\r\n    .galery_1_1 .container.container-fix {\r\n        padding-left: 50px !important;\r\n        padding-right: 50px !important;\r\n    }\r\n\r\n    .galery_1_1 .col {\r\n        padding: 0 !important;\r\n    }\r\n\r\n\r\n    .galery_1_1 .title-aligned {\r\n        margin-bottom: 48px;\r\n    }\r\n\r\n    .galery_1_1 .flecha-left {\r\n        position: absolute;\r\n        top: 50%;\r\n        cursor: pointer;\r\n        transform: translateY(-50%);\r\n        left: 50px;\r\n        z-index: 2;\r\n    }\r\n\r\n    .galery_1_1 .flecha:hover svg path {\r\n        fill: var(--color-boton-3-texto-hover);\r\n    }\r\n\r\n    .galery_1_1 .flecha svg path {\r\n        transition: all ease .3s;\r\n        fill: var(--color-boton-3-texto-normal);\r\n    }\r\n\r\n    .galery_1_1 .flecha:hover svg circle {\r\n        fill: var(--color-boton-3-hover);\r\n    }\r\n\r\n    .galery_1_1 .flecha svg circle {\r\n        transition: all ease .3s;\r\n        fill: var(--color-boton-3-normal);\r\n    }\r\n\r\n    .galery_1_1 .flecha-right {\r\n        position: absolute;\r\n        top: 50%;\r\n        transform: translateY(-50%) rotate(180deg);\r\n        cursor: pointer;\r\n        right: 50px;\r\n        z-index: 2;\r\n    }\r\n\r\n    .galery_1_1 {\r\n        overflow: hidden;\r\n        position: relative;\r\n        padding: 85px 0 85px 0;\r\n    }\r\n\r\n    @media (max-width:992px) {\r\n        .galery_1_1 .galeria img {\r\n            max-height: 290px;\r\n        }\r\n\r\n        .galery_1_1 {\r\n            padding: 40px 0 40px 0;\r\n        }\r\n\r\n        .galery_1_1 .container.container-fix {\r\n            padding-left: 22px !important;\r\n            padding-right: 22px !important;\r\n        }\r\n    }\r\n<\/style>\r\n<script>\r\n  jQuery(function($) {\r\n    function initGalleries(root = document) {\r\n      $(root).find('.galery_1_1').each(function () {\r\n        const $section = $(this);\r\n        const $slider  = $section.find('.galeria').first();\r\n        if (!$slider.length || $slider.hasClass('slick-initialized')) return;\r\n\r\n        $slider.slick({\r\n          dots: false,\r\n          infinite: true,\r\n          speed: 300,\r\n          arrows: true,\r\n          \/\/ flechas SOLO de esta secci\u00f3n:\r\n          prevArrow: $section.find('.flecha-left').first(),\r\n          nextArrow: $section.find('.flecha-right').first(),\r\n          slidesToShow: 2,\r\n          centerMode: true,\r\n          variableWidth: true,\r\n          \/\/ opcional: coloca las flechas dentro de un contenedor si lo tienes:\r\n          \/\/ appendArrows: $section.find('.controles').first().length ? $section.find('.controles').first() : $section\r\n        });\r\n\r\n        \/\/ (Opcional) Habilitar\/deshabilitar flechas seg\u00fan estado\r\n        $slider.on('init reInit afterChange', function (e, slick) {\r\n          const $prev = $section.find('.flecha-left');\r\n          const $next = $section.find('.flecha-right');\r\n          if (!slick.options.infinite) {\r\n            $prev.prop('disabled', slick.currentSlide === 0);\r\n            $next.prop('disabled', slick.currentSlide >= slick.slideCount - 1);\r\n          }\r\n        });\r\n      });\r\n    }\r\n\r\n    \/\/ Inicializa en carga\r\n    initGalleries();\r\n\r\n    \/\/ Si tu tema\/constructor inserta secciones por AJAX, observa el DOM:\r\n    const mo = new MutationObserver(muts => {\r\n      muts.forEach(m => {\r\n        m.addedNodes.forEach(n => {\r\n          if (n.nodeType === 1) initGalleries(n);\r\n        });\r\n      });\r\n    });\r\n    mo.observe(document.body, { childList: true, subtree: true });\r\n  });\r\n<\/script><section class=\"cta_curvy1_3_1_2 background-1-light\" id=\"\" data-block-id=\"69e16b72792e369e16b72792e4\" data-block-name=\"acf\/cta-curvy1-3-1-2\" data-post-id=\"1410\" data-stable-id=\"block_3145d9115e07821cd32c6a35aa403bbf\">\r\n    <div class=\"container\">\r\n        <div class=\"row\">\r\n            <div class=\"col\">\r\n                <div class=\"inner background-1-dark\">\r\n                                        <div class=\"titulo\">\r\n                        <h2 class=\"tamano3 color-2-headings-light\"><span class=\"ez-toc-section\" id=\"Book_the_car_directly\"><\/span>Book the car directly <span class=\"ez-toc-section-end\"><\/span><\/h2>\r\n                    <\/div>\r\n                                                                                    <div class=\"ctas\">\r\n                                                            <a href=\"https:\/\/amovens.com\/cars\/813888?query=Madrid%2C%20Espa%C3%B1au0026place_id=ChIJgTwKgJcpQg0RaSKMYcHeNsQu0026start_date_time=2025-09-15T06:00:00Zu0026end_date_time=2025-09-19T06:30:00Zu0026pickup=2025-09-15T08:00:00.000+02:00u0026return=2025-09-19T08:30:00.000+02:00\" target=\"_blank\" class=\"btn-round tamano-7-mediumcta color-boton-3-texto-normal color-boton-3-texto-hover color-boton-3-normal color-boton-3-hover\">\r\n    \r\n    <span>Click here<\/span>\r\n<\/a>\r\n\r\n<style>\r\n    .btn-border-rounded {\r\n        border-radius: 12px !important;\r\n    }\r\n\r\n    .btn-border-square {\r\n        border-radius: 0 !important;\r\n    }\r\n\r\n    \/* Estilos de hover *\/\r\n    .btn-hover-hover1:hover {\r\n        filter: contrast(0.55);\r\n    }\r\n\r\n    .btn-hover-hover2:hover {\r\n        filter: sepia(2);\r\n    }\r\n\r\n    \/* Estilos del icono cuando existe *\/\r\n    a i {\r\n        margin-right: 8px;\r\n        font-size: 16px;\r\n    }\r\n\r\n    \/* Icono Lucide *\/\r\n    .btn-icon--lucide {\r\n        display: inline-flex;\r\n        align-items: center;\r\n        justify-content: center;\r\n        margin-right: 8px;\r\n    }\r\n\r\n    .btn-icon--lucide svg {\r\n        width: 16px;\r\n        height: 16px;\r\n        display: block;\r\n    }\r\n<\/style>\r\n                                                    <\/div>\r\n                                    <\/div>\r\n            <\/div>\r\n        <\/div>\r\n    <\/div>\r\n<\/section>\r\n<style>\r\n    .cta_curvy1_3_1_2 .inner {\r\n        display: flex;\r\n        gap: 30px;\r\n        border-radius: 30px;\r\n        align-items: center;\r\n        padding: 55px 150px;\r\n        justify-content: space-between;\r\n    }\r\n\r\n     .cta_curvy1_3_1_2 .titulo {\r\n        max-width: 430px;\r\n        width: 100%;\r\n    }\r\n\r\n    .cta_curvy1_3_1_2 .texto {\r\n        max-width: 660px;\r\n        text-align: left;\r\n        width: 100%;\r\n    }\r\n\r\n    .cta_curvy1_3_1_2 {\r\n        padding: 80px 0;\r\n        position: relative;\r\n    }\r\n\r\n    .cta_curvy1_3_1_2 .btn-round {\r\n        border-radius: 60px;\r\n        padding: 15px 30px;\r\n        display: inline-block;\r\n        text-align: center;\r\n        transition: all ease .3s;\r\n        text-decoration: none;\r\n        min-width: 278px;\r\n        display: flex;\r\n        align-items: center;\r\n        justify-content: center;\r\n    }\r\n\r\n    @media (max-width:1750px) {\r\n        .cta_curvy1_3_1_2 .texto {\r\n            max-width: 500px;\r\n        }\r\n    }\r\n\r\n    @media (max-width:1600px) {\r\n        .cta_curvy1_3_1_2 .inner {\r\n            padding-left: 50px;\r\n            padding-right: 50px;\r\n        }\r\n    }\r\n\r\n    @media (max-width:1400px) {\r\n        .cta_curvy1_3_1_2 .texto {\r\n            max-width: 100%;\r\n        }\r\n\r\n        .cta_curvy1_3_1_2 .titulo {\r\n            width: 100%;\r\n        }\r\n    }\r\n\r\n    @media (max-width:1200px) {\r\n        .cta_curvy1_3_1_2 .inner {\r\n            padding-left: 15px;\r\n            padding-right: 15px;\r\n        }\r\n    }\r\n\r\n    @media (max-width:992px) {\r\n        .cta_curvy1_3_1_2 .col .inner {\r\n            border-radius: 30px;\r\n            flex-direction: column;\r\n            align-items: center;\r\n            justify-content: center;\r\n        }\r\n\r\n         .cta_curvy1_3_1_2 .col .inner>* {\r\n            width: 100%;\r\n            max-width: 100%;\r\n            text-align: left;\r\n        }\r\n\r\n        .cta_curvy1_3_1_2 .inner {\r\n            padding: 33px 23px;\r\n        }\r\n\r\n        .cta_curvy1_3_1_2 .col .ctas {\r\n            display: flex;\r\n            align-items: center;\r\n            justify-content: start;\r\n        }\r\n\r\n        .cta_curvy1_3_1_2 .col {\r\n            flex-direction: column;\r\n            justify-content: center;\r\n            align-items: center;\r\n        }\r\n\r\n        .cta_curvy1_3_1_2 {\r\n            padding: 40px 0;\r\n        }\r\n\r\n        .cta_curvy1_3_1_2 .btn-round {\r\n            min-width: 240px\r\n        }\r\n\r\n        .cta_curvy1_3_1_2 .titulo h2 {\r\n            line-height: var(--tamano5-line-height);\r\n        }\r\n    }\r\n<\/style>\r\n","protected":false},"excerpt":{"rendered":"","protected":false},"author":1,"featured_media":1129,"parent":400,"menu_order":0,"comment_status":"open","ping_status":"closed","template":"","meta":{"_acf_changed":false,"iawp_total_views":2,"footnotes":""},"class_list":["post-1410","page","type-page","status-publish","has-post-thumbnail","hentry"],"acf":[],"yoast_head":"<!-- This site is optimized with the Yoast SEO plugin v27.4 - https:\/\/yoast.com\/product\/yoast-seo-wordpress\/ -->\n<title>Alquiler de 4x4 Premium con DRB On Road<\/title>\n<meta name=\"description\" content=\"Descubre la emoci\u00f3n y seguridad al viajar en nuestros veh\u00edculos 4x4 para eventos o traslados. Alquila con o sin conductor y vive una experiencia \u00fanica.\" \/>\n<meta name=\"robots\" content=\"index, follow, max-snippet:-1, max-image-preview:large, max-video-preview:-1\" \/>\n<link rel=\"canonical\" href=\"https:\/\/onroadrb.com\/en\/services\/series-filming\/\" \/>\n<meta property=\"og:locale\" content=\"en_US\" \/>\n<meta property=\"og:type\" content=\"article\" \/>\n<meta property=\"og:title\" content=\"Alquiler de 4x4 Premium con DRB On Road\" \/>\n<meta property=\"og:description\" content=\"Descubre la emoci\u00f3n y seguridad al viajar en nuestros veh\u00edculos 4x4 para eventos o traslados. Alquila con o sin conductor y vive una experiencia \u00fanica.\" \/>\n<meta property=\"og:url\" content=\"https:\/\/onroadrb.com\/en\/services\/series-filming\/\" \/>\n<meta property=\"og:site_name\" content=\"DRB On Road\" \/>\n<meta property=\"article:modified_time\" content=\"2025-10-10T10:18:06+00:00\" \/>\n<meta property=\"og:image\" content=\"https:\/\/onroadrb.com\/wp-content\/uploads\/2025\/07\/IMG_2300.jpeg\" \/>\n\t<meta property=\"og:image:width\" content=\"1536\" \/>\n\t<meta property=\"og:image:height\" content=\"2048\" \/>\n\t<meta property=\"og:image:type\" content=\"image\/jpeg\" \/>\n<meta name=\"twitter:card\" content=\"summary_large_image\" \/>\n<!-- \/ Yoast SEO plugin. -->","yoast_head_json":{"title":"Alquiler de 4x4 Premium con DRB On Road","description":"Descubre la emoci\u00f3n y seguridad al viajar en nuestros veh\u00edculos 4x4 para eventos o traslados. Alquila con o sin conductor y vive una experiencia \u00fanica.","robots":{"index":"index","follow":"follow","max-snippet":"max-snippet:-1","max-image-preview":"max-image-preview:large","max-video-preview":"max-video-preview:-1"},"canonical":"https:\/\/onroadrb.com\/en\/services\/series-filming\/","og_locale":"en_US","og_type":"article","og_title":"Alquiler de 4x4 Premium con DRB On Road","og_description":"Descubre la emoci\u00f3n y seguridad al viajar en nuestros veh\u00edculos 4x4 para eventos o traslados. Alquila con o sin conductor y vive una experiencia \u00fanica.","og_url":"https:\/\/onroadrb.com\/en\/services\/series-filming\/","og_site_name":"DRB On Road","article_modified_time":"2025-10-10T10:18:06+00:00","og_image":[{"width":1536,"height":2048,"url":"https:\/\/onroadrb.com\/wp-content\/uploads\/2025\/07\/IMG_2300.jpeg","type":"image\/jpeg"}],"twitter_card":"summary_large_image","schema":{"@context":"https:\/\/schema.org","@graph":[{"@type":"WebPage","@id":"https:\/\/onroadrb.com\/en\/services\/series-filming\/","url":"https:\/\/onroadrb.com\/en\/services\/series-filming\/","name":"Alquiler de 4x4 Premium con DRB On Road","isPartOf":{"@id":"https:\/\/onroadrb.com\/en\/#website"},"primaryImageOfPage":{"@id":"https:\/\/onroadrb.com\/en\/services\/series-filming\/#primaryimage"},"image":{"@id":"https:\/\/onroadrb.com\/en\/services\/series-filming\/#primaryimage"},"thumbnailUrl":"https:\/\/onroadrb.com\/wp-content\/uploads\/2025\/07\/IMG_2300.jpeg","datePublished":"2025-09-15T08:40:46+00:00","dateModified":"2025-10-10T10:18:06+00:00","description":"Descubre la emoci\u00f3n y seguridad al viajar en nuestros veh\u00edculos 4x4 para eventos o traslados. Alquila con o sin conductor y vive una experiencia \u00fanica.","breadcrumb":{"@id":"https:\/\/onroadrb.com\/en\/services\/series-filming\/#breadcrumb"},"inLanguage":"en-US","potentialAction":[{"@type":"ReadAction","target":["https:\/\/onroadrb.com\/en\/services\/series-filming\/"]}]},{"@type":"ImageObject","inLanguage":"en-US","@id":"https:\/\/onroadrb.com\/en\/services\/series-filming\/#primaryimage","url":"https:\/\/onroadrb.com\/wp-content\/uploads\/2025\/07\/IMG_2300.jpeg","contentUrl":"https:\/\/onroadrb.com\/wp-content\/uploads\/2025\/07\/IMG_2300.jpeg","width":1536,"height":2048},{"@type":"BreadcrumbList","@id":"https:\/\/onroadrb.com\/en\/services\/series-filming\/#breadcrumb","itemListElement":[{"@type":"ListItem","position":1,"name":"Portada","item":"https:\/\/onroadrb.com\/en\/"},{"@type":"ListItem","position":2,"name":"Services","item":"https:\/\/onroadrb.com\/en\/services\/"},{"@type":"ListItem","position":3,"name":"Series Filming"}]},{"@type":"WebSite","@id":"https:\/\/onroadrb.com\/en\/#website","url":"https:\/\/onroadrb.com\/en\/","name":"DRB On Road","description":"","publisher":{"@id":"https:\/\/onroadrb.com\/en\/#organization"},"potentialAction":[{"@type":"SearchAction","target":{"@type":"EntryPoint","urlTemplate":"https:\/\/onroadrb.com\/en\/?s={search_term_string}"},"query-input":{"@type":"PropertyValueSpecification","valueRequired":true,"valueName":"search_term_string"}}],"inLanguage":"en-US"},{"@type":"Organization","@id":"https:\/\/onroadrb.com\/en\/#organization","name":"DRB On Road","url":"https:\/\/onroadrb.com\/en\/","logo":{"@type":"ImageObject","inLanguage":"en-US","@id":"https:\/\/onroadrb.com\/en\/#\/schema\/logo\/image\/","url":"https:\/\/onroadrb.com\/wp-content\/uploads\/2025\/01\/Leonardo_Phoenix_09_Logo_para_DRB_On_Road_fondo_blanco_estilo_0.jpg","contentUrl":"https:\/\/onroadrb.com\/wp-content\/uploads\/2025\/01\/Leonardo_Phoenix_09_Logo_para_DRB_On_Road_fondo_blanco_estilo_0.jpg","width":768,"height":768,"caption":"DRB On Road"},"image":{"@id":"https:\/\/onroadrb.com\/en\/#\/schema\/logo\/image\/"}}]}},"_links":{"self":[{"href":"https:\/\/onroadrb.com\/en\/wp-json\/wp\/v2\/pages\/1410","targetHints":{"allow":["GET"]}}],"collection":[{"href":"https:\/\/onroadrb.com\/en\/wp-json\/wp\/v2\/pages"}],"about":[{"href":"https:\/\/onroadrb.com\/en\/wp-json\/wp\/v2\/types\/page"}],"author":[{"embeddable":true,"href":"https:\/\/onroadrb.com\/en\/wp-json\/wp\/v2\/users\/1"}],"replies":[{"embeddable":true,"href":"https:\/\/onroadrb.com\/en\/wp-json\/wp\/v2\/comments?post=1410"}],"version-history":[{"count":1,"href":"https:\/\/onroadrb.com\/en\/wp-json\/wp\/v2\/pages\/1410\/revisions"}],"predecessor-version":[{"id":1423,"href":"https:\/\/onroadrb.com\/en\/wp-json\/wp\/v2\/pages\/1410\/revisions\/1423"}],"up":[{"embeddable":true,"href":"https:\/\/onroadrb.com\/en\/wp-json\/wp\/v2\/pages\/400"}],"wp:featuredmedia":[{"embeddable":true,"href":"https:\/\/onroadrb.com\/en\/wp-json\/wp\/v2\/media\/1129"}],"wp:attachment":[{"href":"https:\/\/onroadrb.com\/en\/wp-json\/wp\/v2\/media?parent=1410"}],"curies":[{"name":"wp","href":"https:\/\/api.w.org\/{rel}","templated":true}]}}