{"id":401,"date":"2025-01-14T02:17:57","date_gmt":"2025-01-14T02:17:57","guid":{"rendered":"https:\/\/onroadrb.com\/nosotros\/"},"modified":"2025-10-10T10:29:09","modified_gmt":"2025-10-10T10:29:09","slug":"about-us","status":"publish","type":"page","link":"https:\/\/onroadrb.com\/en\/about-us\/","title":{"rendered":"About Us"},"content":{"rendered":"<section class=\"header_about_ecommerce_curvy1_1_1 background-1-dark\" id=\"\" data-block-id=\"69e16b539c71269e16b539c713\" data-block-name=\"acf\/header-about-ecommerce-curvy1-1-1\" data-post-id=\"401\" data-stable-id=\"block_1f4e3fa9ed9d9ac6a80bd812fffb050b\">\r\n    <div class=\"container\">\r\n        <div class=\"row\">\r\n            <div class=\"col col-titulo\">\r\n                                <h1 class=\"tamano1 color-2-headings-light\">4&#215;4 vehicle rental for all your transfers and adventures<\/h1>\r\n                                                <div class=\"texto tamano-7-mediumcta color-2-body-light\"><p>4&#215;4 transfers with or without a driver, maximum comfort<\/p>\n<\/div>\r\n                            <\/div>\r\n            <div class=\"col col-imagen\">\r\n                                <div class=\"imagen\" aria-label=\"Veh\u00edculo 4x4 para traslados y eventos\"\r\n                    style=\"background-image:url('https:\/\/onroadrb.com\/wp-content\/uploads\/2025\/07\/2568c940-0513-400a-9b16-f2bdbf1a59cf-scaled.jpg');\">\r\n                                        <\/div>\r\n                <\/div>\r\n            <\/div>\r\n        <\/div>\r\n<\/section>\r\n<style>\r\n    .header_about_ecommerce_curvy1_1_1:after {\r\n        content: \"\";\r\n        background: var(--background-1-light);\r\n        width: 100%;\r\n        bottom: -1px;\r\n        left: 0;\r\n        height: 300px;\r\n        position: absolute;\r\n        z-index: 0;\r\n    }\r\n\r\n    .header_about_ecommerce_curvy1_1_1 .col-imagen .imagen {\r\n        height: 737px;\r\n        background-position: center;\r\n        background-repeat: no-repeat;\r\n        border-radius: 30px;\r\n        background-size: cover;\r\n    }\r\n    \r\n    .header_about_ecommerce_curvy1_1_1 {\r\n        padding-top: 260px;\r\n        position: relative;\r\n        padding-bottom: 40px;\r\n    }\r\n\r\n    .header_about_ecommerce_curvy1_1_1 .texto * {\r\n        padding-bottom: 15px;\r\n    }\r\n\r\n    .header_about_ecommerce_curvy1_1_1 .col-imagen {\r\n        margin-top: 125px;\r\n    }\r\n\r\n    .header_about_ecommerce_curvy1_1_1 .texto *:last-child {\r\n        padding-bottom: 0;\r\n    }\r\n\r\n    .header_about_ecommerce_curvy1_1_1 .container {\r\n        position: relative;\r\n        z-index: 1;\r\n    }\r\n\r\n    .header_about_ecommerce_curvy1_1_1 .col-titulo {\r\n        max-width: 1250px;\r\n        margin: 0 auto;\r\n        text-align: center;\r\n    }\r\n\r\n    .header_about_ecommerce_curvy1_1_1 .btn-round {\r\n        border-radius: 60px;\r\n        \/* background: var(--color-boton-3-normal);*\/\r\n        padding: 12px 25px;\r\n        \/*color: var(--color-boton-3-texto-normal);*\/\r\n        display: inline-block;\r\n        min-width: 175px;\r\n        text-align: center;\r\n        text-decoration: none;\r\n    }\r\n    \r\n    .header_about_ecommerce_curvy1_1_1 h1 {\r\n        padding-bottom: 20px;\r\n        max-width: 1205px;\r\n    }\r\n\r\n    @media (max-width:1350px) {\r\n        .header_about_ecommerce_curvy1_1_1 .col-imagen .imagen {\r\n            height: 620px;\r\n        }\r\n    }\r\n\r\n    @media (max-width:1200px) {\r\n        .header_about_ecommerce_curvy1_1_1 .col-imagen .imagen {\r\n            height: 540px;\r\n        }\r\n\r\n        .header_about_ecommerce_curvy1_1_1 {\r\n            padding-top: 180px;\r\n        }\r\n\r\n        .header_about_ecommerce_curvy1_1_1 .col-imagen {\r\n            margin-top: 100px;\r\n        }\r\n    }\r\n\r\n    @media (max-width:992px) {\r\n        .header_about_ecommerce_curvy1_1_1 .col-imagen .imagen {\r\n            height: 450px;\r\n        }\r\n    }\r\n\r\n    @media (max-width:768px) {\r\n        .header_about_ecommerce_curvy1_1_1 .col-imagen .imagen {\r\n            height: 350px;\r\n        }\r\n\r\n        .header_about_ecommerce_curvy1_1_1:after {\r\n            height: 215px;\r\n        }\r\n\r\n        .header_about_ecommerce_curvy1_1_1 {\r\n            padding-top: 100px;\r\n        }\r\n\r\n        .header_about_ecommerce_curvy1_1_1 h1 {\r\n            padding: 35px 0 25px;\r\n            line-height: var(--tamano5-line-height);\r\n            font-size: var(--tamano4-font-size);\r\n        }\r\n\r\n        .header_about_ecommerce_curvy1_1_1 .texto {\r\n            padding-bottom: 20px;\r\n        }\r\n\r\n        .header_about_ecommerce_curvy1_1_1 .col-imagen {\r\n            margin-top: 30px;\r\n        }\r\n    }\r\n\r\n    @media (max-width:575px) {\r\n        .header_about_ecommerce_curvy1_1_1 .col-imagen .imagen {\r\n            height: 275px;\r\n        }\r\n    }\r\n<\/style>\r\n<section class=\"about_ecommerce_curvy1_1_2 background-1-dark\" data-block-id=\"69e16b539eb1869e16b539eb19\" data-block-name=\"acf\/about-ecommerce-curvy1-1-2\" data-post-id=\"401\" data-stable-id=\"block_933719a72371147bdf7f873d62928da7\">\r\n    <div class=\"container\">\r\n        <div class=\"row\">\r\n            <div class=\"col col-titulo\">\r\n                                <h2 class=\"titulo tamano3 color-2-headings-light\"><span class=\"ez-toc-section\" id=\"Specialized_4%C3%974_Vehicle_Rental_Services_for_All_Your_Needs\"><\/span>Specialized 4&#215;4 Vehicle Rental Services for All Your Needs<span class=\"ez-toc-section-end\"><\/span><\/h2>\r\n                            <\/div>\r\n            <div class=\"col col-down\">\r\n                \r\n                    <div class=\"textos\">\r\n                                                    <div class=\"texto color-2-body-light tamano7\"><p>At DRB On Road, we specialize in offering versatile and personalized transport solutions with our 4&#215;4 vehicles. We have a modern fleet suitable for all types of events and transfers, from advertising activities to extreme adventures. Whether you need a 4&#215;4 vehicle with a driver for long distances or prefer to drive yourself, we have what you&#8217;re looking for. Our commitment is to ensure a safe and reliable transfer experience, adapting to the demands and preferences of each client.<\/p>\n<\/div>\r\n                        \r\n                        \r\n                                                    <div class=\"texto color-2-body-light tamano7\"><p>We take pride in providing quality service in 4&#215;4 rental, designing unique and memorable experiences. We offer flexible options, allowing short or long-term rentals, with the option of logistical support for adventure events. Our team of professionals is always ready to assist and ensure maximum comfort and safety. At DRB On Road, we make your transfer more than just a journey; it&#8217;s an experience. Trust us to make your next adventure or event a resounding success, with the support of our first-class all-terrain vehicles.<\/p>\n<\/div>\r\n                                            <\/div>\r\n\r\n                                        <div class=\"vermas tamano7 boton-4-texto-normal\">\r\n                        <span class=\"mas tamano7 boton-4-texto-normal\">Read more<\/span>\r\n                        <span class=\"menos hide tamano7 boton-4-texto-normal\">Read less<\/span>\r\n                        <svg width=\"13\" height=\"8\" viewBox=\"0 0 13 8\" fill=\"none\" xmlns=\"http:\/\/www.w3.org\/2000\/svg\">\r\n                            <path id=\"Vector 14\" d=\"M1 1L6.5 6.5L12 1\" stroke=\"#2B275C\" stroke-width=\"1.5\" \/>\r\n                        <\/svg>\r\n                    <\/div>\r\n                                                    <\/div>\r\n        <\/div>\r\n    <\/div>\r\n<\/section>\r\n<style>\r\n    .about_ecommerce_curvy1_1_2 .vermas svg path {\r\n        stroke: var(--boton-5-texto-normal);\r\n    }\r\n\r\n    .about_ecommerce_curvy1_1_2 .vermas .hide {\r\n        display: none;\r\n    }\r\n\r\n    .about_ecommerce_curvy1_1_2 .vermas.show svg {\r\n        transform: rotate(180deg);\r\n    }\r\n\r\n    .about_ecommerce_curvy1_1_2 .vermas {\r\n        display: none;\r\n        margin-top: 20px;\r\n        align-items: center;\r\n        gap: 10px;\r\n        cursor: pointer;\r\n    }\r\n\r\n    .about_ecommerce_curvy1_1_2 .vermas span {\r\n        font-weight: var(--tamano5-font-weight);\r\n        color: var(--boton-5-texto-normal);\r\n    }\r\n\r\n    .about_ecommerce_curvy1_1_2 .texto > *:not(:last-child){\r\n        padding-bottom: 20px;\r\n    }\r\n\r\n    .about_ecommerce_curvy1_1_2 h2 {\r\n        padding-bottom: 55px;\r\n        max-width: 900px;\r\n    }\r\n\r\n    .about_ecommerce_curvy1_1_2 .textos .texto {\r\n        width: 50%;\r\n    }\r\n\r\n    .about_ecommerce_curvy1_1_2 .textos {\r\n        display: flex;\r\n        gap: 30px;\r\n        max-width: 1205px;\r\n        margin: 0 auto;\r\n    }\r\n\r\n    .about_ecommerce_curvy1_1_2 {\r\n        position: relative;\r\n        background-position: center;\r\n        background-repeat: no-repeat;\r\n        background-size: cover;\r\n        padding: 81px 150px;\r\n        margin-top: -1px;\r\n    }\r\n\r\n    @media (max-width:1550px) {\r\n        .about_ecommerce_curvy1_1_2 {\r\n            padding-left: 50px;\r\n            padding-right: 50px;\r\n        }\r\n\r\n        .about_ecommerce_curvy1_1_2 .textos {\r\n            max-width: 80%;\r\n        }\r\n    }\r\n\r\n    @media (max-width:1200px) {\r\n        .about_ecommerce_curvy1_1_2 {\r\n            padding-left: 0;\r\n            padding-right: 0;\r\n        }\r\n\r\n        .about_ecommerce_curvy1_1_2 .textos {\r\n            max-width: 100%;\r\n        }\r\n    }\r\n\r\n    @media (max-width:992px) {\r\n        .about_ecommerce_curvy1_1_2 .textos {\r\n            flex-direction: column;\r\n            gap: 20px;\r\n        }\r\n\r\n        .about_ecommerce_curvy1_1_2 .textos .texto {\r\n            width: 100%;\r\n        }\r\n\r\n        .about_ecommerce_curvy1_1_2 h2 {\r\n            padding-bottom: 35px;\r\n            line-height: var(--tamano4-line-height);\r\n        }\r\n\r\n        .about_ecommerce_curvy1_1_2 {\r\n            padding: 40px 0;\r\n        }\r\n    }\r\n\r\n    @media (max-width:768px) {\r\n        .about_ecommerce_curvy1_1_2 .textos .texto:first-child p:not(:first-child),\r\n        .about_ecommerce_curvy1_1_2 .textos .texto:nth-child(2) {\r\n            display: none;\r\n        }\r\n\r\n        .about_ecommerce_curvy1_1_2 .textos .texto:first-child.show p:not(:first-child),\r\n        .about_ecommerce_curvy1_1_2 .textos .texto:nth-child(2).show {\r\n            display: block;\r\n        }\r\n\r\n        .about_ecommerce_curvy1_1_2 .vermas {\r\n            display: flex;\r\n            width: max-content;\r\n        }\r\n\r\n        .about_ecommerce_curvy1_1_2 h2 {\r\n            line-height: var(--tamano5-line-height);\r\n        }\r\n    }\r\n<\/style>\r\n<script>\r\n    jQuery('.about_ecommerce_curvy1_1_2 .vermas').on('click', function() {\r\n        if (window.matchMedia(\"(max-width: 768px)\").matches) {\r\n            jQuery('.about_ecommerce_curvy1_1_2 .texto').toggleClass('show');\r\n            jQuery('.about_ecommerce_curvy1_1_2 .vermas').toggleClass('show');\r\n            jQuery('.about_ecommerce_curvy1_1_2 .vermas span').toggleClass('hide');\r\n        }\r\n    });\r\n<\/script>\r\n<section class=\"about_ecommerce_curvy1_2_2 background-1-dark\" id=\"\" data-block-id=\"69e16b539fd3d69e16b539fd3e\" data-block-name=\"acf\/about-ecommerce-curvy1-2-2\" data-post-id=\"401\" data-stable-id=\"block_5cb040b1eb447a5706dcd24991c0ab7c\">\r\n    <div class=\"container\">\r\n        <div class=\"row\">\r\n            <div class=\"col col-imagen\">\r\n                                <img decoding=\"async\" src=\"https:\/\/onroadrb.com\/wp-content\/uploads\/2025\/07\/IMG_3107.jpeg\" alt=\"Elegancia de un veh\u00edculo 4x4 en acci\u00f3n\" title=\"Descubre la elegancia y potencia de un 4x4 en movimientos din\u00e1micos y fiables\">\r\n                            <\/div>\r\n            <div class=\"col col-texto\">\r\n                                                                <h3 class=\"tamano4 color-2-headings-light\">4&#215;4 transfers and exclusive events<\/h3>\r\n                                                <div class=\"texto tamano7 color-2-body-light\"><p>DRB On Road offers 4&#215;4 vehicle rentals for advertising transfers and adventure events, with or without a driver. Unique and exciting experiences.<\/p>\n<\/div>\r\n                                                                <h3 class=\"tamano4 color-2-headings-light\">4&#215;4 rental for your events<\/h3>\r\n                                                <div class=\"texto tamano7 color-2-body-light\"><p>We offer transfers in 4&#215;4 vehicles with or without a driver, ideal for events and advertising. Discover adventure and comfort in every journey.<\/p>\n<\/div>\r\n                                                                <h3 class=\"tamano4 color-2-headings-light\">4&#215;4 vehicle rental<\/h3>\r\n                                                <div class=\"texto tamano7 color-2-body-light\"><p>DRB On Road offers 4&#215;4 vehicle rentals for transfers and events, with or without a driver. Experience in advertising and off-road adventures.<\/p>\n<\/div>\r\n                                                            <\/div>\r\n        <\/div>\r\n    <\/div>\r\n<\/section>\r\n<style>\r\n    .about_ecommerce_curvy1_2_2 .row .col-texto h3 {\r\n        padding-bottom: 10px;\r\n    }\r\n\r\n    .about_ecommerce_curvy1_2_2 .row .col-texto {\r\n        max-width: 40%;\r\n        width: 100%;\r\n    }\r\n\r\n    .about_ecommerce_curvy1_2_2 .row {\r\n        display: flex;\r\n        flex-direction: row;\r\n        justify-content: space-between;\r\n        align-items: center;\r\n    }\r\n\r\n    .about_ecommerce_curvy1_2_2 .texto *:last-child {\r\n        padding-bottom: 0;\r\n    }\r\n\r\n    .about_ecommerce_curvy1_2_2 .col-imagen {\r\n        max-width: 50%;\r\n        width: 100%;\r\n    }\r\n\r\n    .about_ecommerce_curvy1_2_2 img {\r\n        width: 100%;\r\n        border-radius: 30px;\r\n    }\r\n    \r\n    .about_ecommerce_curvy1_2_2 .texto:not(:last-child) {\r\n        padding-bottom: 50px;\r\n    }\r\n\r\n    .about_ecommerce_curvy1_2_2 .texto * {\r\n        padding-bottom: 20px;\r\n    }\r\n\r\n    .about_ecommerce_curvy1_2_2 {\r\n        padding: 80px 150px;\r\n        position: relative;\r\n    }\r\n\r\n    @media (max-width:1750px) {\r\n        .about_ecommerce_curvy1_2_2 {\r\n            padding-left: 50px;\r\n            padding-right: 50px;\r\n        }\r\n    }\r\n\r\n    @media (max-width:1350px) {\r\n        .about_ecommerce_curvy1_2_2 .row .col-texto {\r\n            max-width: 50%;\r\n        }\r\n\r\n        .about_ecommerce_curvy1_2_2 {\r\n            padding-left: 0;\r\n            padding-right: 0;\r\n        }\r\n    }\r\n\r\n    @media (max-width:992px) {\r\n        .about_ecommerce_curvy1_2_2 .texto {\r\n            padding-bottom: 35px;\r\n        }\r\n\r\n        .about_ecommerce_curvy1_2_2 .row .col-texto,\r\n        .about_ecommerce_curvy1_2_2 .col-imagen {\r\n            max-width: 100%;\r\n        }\r\n\r\n        .about_ecommerce_curvy1_2_2 .row {\r\n            flex-direction: column;\r\n            gap: 35px;\r\n        }\r\n\r\n        .about_ecommerce_curvy1_2_2 .row .col-texto {\r\n            max-width: 100%;\r\n        }\r\n\r\n        .about_ecommerce_curvy1_2_2 {\r\n            padding: 40px 0;\r\n        }\r\n    }\r\n<\/style>\r\n<section class=\"cta_curvy1_3_1_2 background-1-light\" id=\"\" data-block-id=\"69e16b53a1f4c69e16b53a1f4d\" data-block-name=\"acf\/cta-curvy1-3-1-2\" data-post-id=\"401\" data-stable-id=\"block_c72494815018160a0d66c31cc996c59f\">\r\n    <div class=\"container\">\r\n        <div class=\"row\">\r\n            <div class=\"col\">\r\n                <div class=\"inner background-1-dark\">\r\n                                        <div class=\"titulo\">\r\n                        <h2 class=\"tamano3 color-2-headings-light\"><span class=\"ez-toc-section\" id=\"Book_the_car_directly\"><\/span>Book the car directly<span class=\"ez-toc-section-end\"><\/span><\/h2>\r\n                    <\/div>\r\n                                                                                    <div class=\"ctas\">\r\n                                                            <a href=\"https:\/\/amovens.com\/cars\/813888?query=Madrid%2C%20Espa%C3%B1a&amp;amp;place_id=ChIJgTwKgJcpQg0RaSKMYcHeNsQ&amp;amp;start_date_time=2025-09-15T06:00:00Z&amp;amp;end_date_time=2025-09-19T06:30:00Z&amp;amp;pickup=2025-09-15T08:00:00.000+02:00&amp;amp;return=2025-09-19T08:30:00.000+02:00\" target=\"_blank\" class=\"btn-round tamano-7-mediumcta color-boton-3-texto-normal color-boton-3-texto-hover color-boton-3-normal color-boton-3-hover\">\r\n    \r\n    <span>Click here<\/span>\r\n<\/a>\r\n\r\n<style>\r\n    .btn-border-rounded {\r\n        border-radius: 12px !important;\r\n    }\r\n\r\n    .btn-border-square {\r\n        border-radius: 0 !important;\r\n    }\r\n\r\n    \/* Estilos de hover *\/\r\n    .btn-hover-hover1:hover {\r\n        filter: contrast(0.55);\r\n    }\r\n\r\n    .btn-hover-hover2:hover {\r\n        filter: sepia(2);\r\n    }\r\n\r\n    \/* Estilos del icono cuando existe *\/\r\n    a i {\r\n        margin-right: 8px;\r\n        font-size: 16px;\r\n    }\r\n\r\n    \/* Icono Lucide *\/\r\n    .btn-icon--lucide {\r\n        display: inline-flex;\r\n        align-items: center;\r\n        justify-content: center;\r\n        margin-right: 8px;\r\n    }\r\n\r\n    .btn-icon--lucide svg {\r\n        width: 16px;\r\n        height: 16px;\r\n        display: block;\r\n    }\r\n<\/style>\r\n                                                    <\/div>\r\n                                    <\/div>\r\n            <\/div>\r\n        <\/div>\r\n    <\/div>\r\n<\/section>\r\n<style>\r\n    .cta_curvy1_3_1_2 .inner {\r\n        display: flex;\r\n        gap: 30px;\r\n        border-radius: 30px;\r\n        align-items: center;\r\n        padding: 55px 150px;\r\n        justify-content: space-between;\r\n    }\r\n\r\n     .cta_curvy1_3_1_2 .titulo {\r\n        max-width: 430px;\r\n        width: 100%;\r\n    }\r\n\r\n    .cta_curvy1_3_1_2 .texto {\r\n        max-width: 660px;\r\n        text-align: left;\r\n        width: 100%;\r\n    }\r\n\r\n    .cta_curvy1_3_1_2 {\r\n        padding: 80px 0;\r\n        position: relative;\r\n    }\r\n\r\n    .cta_curvy1_3_1_2 .btn-round {\r\n        border-radius: 60px;\r\n        padding: 15px 30px;\r\n        display: inline-block;\r\n        text-align: center;\r\n        transition: all ease .3s;\r\n        text-decoration: none;\r\n        min-width: 278px;\r\n        display: flex;\r\n        align-items: center;\r\n        justify-content: center;\r\n    }\r\n\r\n    @media (max-width:1750px) {\r\n        .cta_curvy1_3_1_2 .texto {\r\n            max-width: 500px;\r\n        }\r\n    }\r\n\r\n    @media (max-width:1600px) {\r\n        .cta_curvy1_3_1_2 .inner {\r\n            padding-left: 50px;\r\n            padding-right: 50px;\r\n        }\r\n    }\r\n\r\n    @media (max-width:1400px) {\r\n        .cta_curvy1_3_1_2 .texto {\r\n            max-width: 100%;\r\n        }\r\n\r\n        .cta_curvy1_3_1_2 .titulo {\r\n            width: 100%;\r\n        }\r\n    }\r\n\r\n    @media (max-width:1200px) {\r\n        .cta_curvy1_3_1_2 .inner {\r\n            padding-left: 15px;\r\n            padding-right: 15px;\r\n        }\r\n    }\r\n\r\n    @media (max-width:992px) {\r\n        .cta_curvy1_3_1_2 .col .inner {\r\n            border-radius: 30px;\r\n            flex-direction: column;\r\n            align-items: center;\r\n            justify-content: center;\r\n        }\r\n\r\n         .cta_curvy1_3_1_2 .col .inner>* {\r\n            width: 100%;\r\n            max-width: 100%;\r\n            text-align: left;\r\n        }\r\n\r\n        .cta_curvy1_3_1_2 .inner {\r\n            padding: 33px 23px;\r\n        }\r\n\r\n        .cta_curvy1_3_1_2 .col .ctas {\r\n            display: flex;\r\n            align-items: center;\r\n            justify-content: start;\r\n        }\r\n\r\n        .cta_curvy1_3_1_2 .col {\r\n            flex-direction: column;\r\n            justify-content: center;\r\n            align-items: center;\r\n        }\r\n\r\n        .cta_curvy1_3_1_2 {\r\n            padding: 40px 0;\r\n        }\r\n\r\n        .cta_curvy1_3_1_2 .btn-round {\r\n            min-width: 240px\r\n        }\r\n\r\n        .cta_curvy1_3_1_2 .titulo h2 {\r\n            line-height: var(--tamano5-line-height);\r\n        }\r\n    }\r\n<\/style>\r\n","protected":false},"excerpt":{"rendered":"","protected":false},"author":1,"featured_media":0,"parent":0,"menu_order":0,"comment_status":"open","ping_status":"closed","template":"","meta":{"_acf_changed":false,"iawp_total_views":2,"footnotes":""},"class_list":["post-401","page","type-page","status-publish","hentry"],"acf":[],"yoast_head":"<!-- This site is optimized with the Yoast SEO plugin v27.4 - https:\/\/yoast.com\/product\/yoast-seo-wordpress\/ -->\n<title>Alquiler 4\u00d74 con DRB On Road<\/title>\n<meta name=\"description\" content=\"Viaja con estilo y comodidad con nuestros veh\u00edculos 4\u00d74. Alquiler flexible para aventuras y traslados seguros.\" \/>\n<meta name=\"robots\" content=\"index, follow, max-snippet:-1, max-image-preview:large, max-video-preview:-1\" \/>\n<link rel=\"canonical\" href=\"https:\/\/onroadrb.com\/en\/about-us\/\" \/>\n<meta property=\"og:locale\" content=\"en_US\" \/>\n<meta property=\"og:type\" content=\"article\" \/>\n<meta property=\"og:title\" content=\"Alquiler 4\u00d74 con DRB On Road\" \/>\n<meta property=\"og:description\" content=\"Viaja con estilo y comodidad con nuestros veh\u00edculos 4\u00d74. Alquiler flexible para aventuras y traslados seguros.\" \/>\n<meta property=\"og:url\" content=\"https:\/\/onroadrb.com\/en\/about-us\/\" \/>\n<meta property=\"og:site_name\" content=\"DRB On Road\" \/>\n<meta property=\"article:modified_time\" content=\"2025-10-10T10:29:09+00:00\" \/>\n<meta name=\"twitter:card\" content=\"summary_large_image\" \/>\n<!-- \/ Yoast SEO plugin. -->","yoast_head_json":{"title":"Alquiler 4\u00d74 con DRB On Road","description":"Viaja con estilo y comodidad con nuestros veh\u00edculos 4\u00d74. Alquiler flexible para aventuras y traslados seguros.","robots":{"index":"index","follow":"follow","max-snippet":"max-snippet:-1","max-image-preview":"max-image-preview:large","max-video-preview":"max-video-preview:-1"},"canonical":"https:\/\/onroadrb.com\/en\/about-us\/","og_locale":"en_US","og_type":"article","og_title":"Alquiler 4\u00d74 con DRB On Road","og_description":"Viaja con estilo y comodidad con nuestros veh\u00edculos 4\u00d74. Alquiler flexible para aventuras y traslados seguros.","og_url":"https:\/\/onroadrb.com\/en\/about-us\/","og_site_name":"DRB On Road","article_modified_time":"2025-10-10T10:29:09+00:00","twitter_card":"summary_large_image","schema":{"@context":"https:\/\/schema.org","@graph":[{"@type":"WebPage","@id":"https:\/\/onroadrb.com\/en\/about-us\/","url":"https:\/\/onroadrb.com\/en\/about-us\/","name":"Alquiler 4\u00d74 con DRB On Road","isPartOf":{"@id":"https:\/\/onroadrb.com\/en\/#website"},"datePublished":"2025-01-14T02:17:57+00:00","dateModified":"2025-10-10T10:29:09+00:00","description":"Viaja con estilo y comodidad con nuestros veh\u00edculos 4\u00d74. Alquiler flexible para aventuras y traslados seguros.","breadcrumb":{"@id":"https:\/\/onroadrb.com\/en\/about-us\/#breadcrumb"},"inLanguage":"en-US","potentialAction":[{"@type":"ReadAction","target":["https:\/\/onroadrb.com\/en\/about-us\/"]}]},{"@type":"BreadcrumbList","@id":"https:\/\/onroadrb.com\/en\/about-us\/#breadcrumb","itemListElement":[{"@type":"ListItem","position":1,"name":"Portada","item":"https:\/\/onroadrb.com\/en\/"},{"@type":"ListItem","position":2,"name":"About Us"}]},{"@type":"WebSite","@id":"https:\/\/onroadrb.com\/en\/#website","url":"https:\/\/onroadrb.com\/en\/","name":"DRB On Road","description":"","publisher":{"@id":"https:\/\/onroadrb.com\/en\/#organization"},"potentialAction":[{"@type":"SearchAction","target":{"@type":"EntryPoint","urlTemplate":"https:\/\/onroadrb.com\/en\/?s={search_term_string}"},"query-input":{"@type":"PropertyValueSpecification","valueRequired":true,"valueName":"search_term_string"}}],"inLanguage":"en-US"},{"@type":"Organization","@id":"https:\/\/onroadrb.com\/en\/#organization","name":"DRB On Road","url":"https:\/\/onroadrb.com\/en\/","logo":{"@type":"ImageObject","inLanguage":"en-US","@id":"https:\/\/onroadrb.com\/en\/#\/schema\/logo\/image\/","url":"https:\/\/onroadrb.com\/wp-content\/uploads\/2025\/01\/Leonardo_Phoenix_09_Logo_para_DRB_On_Road_fondo_blanco_estilo_0.jpg","contentUrl":"https:\/\/onroadrb.com\/wp-content\/uploads\/2025\/01\/Leonardo_Phoenix_09_Logo_para_DRB_On_Road_fondo_blanco_estilo_0.jpg","width":768,"height":768,"caption":"DRB On Road"},"image":{"@id":"https:\/\/onroadrb.com\/en\/#\/schema\/logo\/image\/"}}]}},"_links":{"self":[{"href":"https:\/\/onroadrb.com\/en\/wp-json\/wp\/v2\/pages\/401","targetHints":{"allow":["GET"]}}],"collection":[{"href":"https:\/\/onroadrb.com\/en\/wp-json\/wp\/v2\/pages"}],"about":[{"href":"https:\/\/onroadrb.com\/en\/wp-json\/wp\/v2\/types\/page"}],"author":[{"embeddable":true,"href":"https:\/\/onroadrb.com\/en\/wp-json\/wp\/v2\/users\/1"}],"replies":[{"embeddable":true,"href":"https:\/\/onroadrb.com\/en\/wp-json\/wp\/v2\/comments?post=401"}],"version-history":[{"count":10,"href":"https:\/\/onroadrb.com\/en\/wp-json\/wp\/v2\/pages\/401\/revisions"}],"predecessor-version":[{"id":1449,"href":"https:\/\/onroadrb.com\/en\/wp-json\/wp\/v2\/pages\/401\/revisions\/1449"}],"wp:attachment":[{"href":"https:\/\/onroadrb.com\/en\/wp-json\/wp\/v2\/media?parent=401"}],"curies":[{"name":"wp","href":"https:\/\/api.w.org\/{rel}","templated":true}]}}