{"id":887,"date":"2025-01-31T14:50:24","date_gmt":"2025-01-31T14:50:24","guid":{"rendered":"https:\/\/onroadrb.com\/declaracion-de-accesibilidad\/"},"modified":"2025-10-10T10:23:13","modified_gmt":"2025-10-10T10:23:13","slug":"accessibility-statement","status":"publish","type":"page","link":"https:\/\/onroadrb.com\/en\/accessibility-statement\/","title":{"rendered":"Accessibility statement"},"content":{"rendered":"<section class=\"text_content_text_1_1 background-1-light\" data-block-id=\"69e16b731583869e16b7315839\" data-block-name=\"acf\/textcontent-1-1\" data-post-id=\"887\" data-stable-id=\"block_72fc463b1f8c96f7f43674fbe277dc5c\">\r\n    <div class=\"container\">\r\n        <div class=\"row\">\r\n            <div class=\"col\">\r\n                <div class=\"content-theme\">\r\n                                        <div class=\"texto color-1-headings-dark tamano7\">\r\n                        <p>&nbsp;<\/p>\n<h2 style=\"text-align: center\">PREPARATION OF THE FOLLOWING ACCESSIBILITY STATEMENT<\/h2>\n<p>This statement was prepared on December 19, 2024.<br \/>\nThe method used to prepare the statement was a self-assessment conducted by the company itself.<\/p>\n<h4>COMMENTS AND CONTACT INFORMATION<\/h4>\n<p>You can communicate about accessibility requirements (article 10.2.a of RD 1112\/2018) such as:<\/p>\n<ul>\n<li>Report any potential non-compliance by this website<\/li>\n<li>Convey other difficulties accessing content<\/li>\n<li>Make any other inquiry or suggestion for improvement regarding the website&#8217;s accessibility<\/li>\n<\/ul>\n<p>Through the contact email <a href=\"mailto:onroadrb@gmail.com\">onroadrb@gmail.com<\/a>.<br \/>\nYou can submit:<\/p>\n<ul>\n<li><strong>Complaint <\/strong>regarding compliance with RD 1112\/2018 requirements or<\/li>\n<li><strong>Request for accessible information <\/strong>regarding:<\/li>\n<\/ul>\n<p>Contents that are excluded from the RD 1112\/2018 scope as established by article 3, section 4.<br \/>\nContents that are exempt from compliance with accessibility requirements due to imposing a disproportionate burden.<br \/>\nIn the request for accessible information, facts, reasons, and petitions must be clearly specified to prove that it is a reasonable and legitimate request.<br \/>\nComplaints and claims about accessible information will be made through the above email.<\/p>\n<h4>APPLICATION PROCEDURE<\/h4>\n<p>If after submitting a request for accessible information or a complaint, it has been dismissed, disagreed with the decision made, or the response does not meet the requirements outlined in article 12.5, the interested party can file a complaint. Similarly, a complaint can be initiated if the period of twenty working days has passed without receiving a response.<\/p>\n                    <\/div>\r\n                                    <\/div>\r\n            <\/div>\r\n        <\/div>\r\n    <\/div>\r\n<\/section>\r\n<style>\r\n    .text_content_text_1_1 h1 {\r\n        padding-bottom: 60px;\r\n        font-size: var(--tamano1-font-size);\r\n        font-weight: var(--tamano1-font-weight);\r\n        line-height: var(--tamano1-line-height);\r\n        letter-spacing: var(--tamano1-letter-spacing);\r\n        font-family: var(--tamano1-font-family);\r\n        color: var(--color-2-headings-dark);\r\n    }\r\n\r\n    .text_content_text_1_1 h2 {\r\n        padding-bottom: 60px;\r\n        font-size: var(--tamano2-font-size);\r\n        font-weight: var(--tamano2-font-weight);\r\n        line-height: var(--tamano2-line-height);\r\n        letter-spacing: var(--tamano2-letter-spacing);\r\n        font-family: var(--tamano2-font-family);\r\n        color: var(--color-2-headings-dark);\r\n    }\r\n\r\n    .text_content_text_1_1 h3 {\r\n        padding-bottom: 60px;\r\n        font-size: var(--tamano3-font-size);\r\n        font-weight: var(--tamano3-font-weight);\r\n        line-height: var(--tamano3-line-height);\r\n        letter-spacing: var(--tamano3-letter-spacing);\r\n        font-family: var(--tamano3-font-family);\r\n        color: var(--color-2-headings-dark);\r\n    }\r\n\r\n    .text_content_text_1_1 h4 {\r\n        padding-bottom: 60px;\r\n        font-size: var(--tamano4-font-size);\r\n        font-weight: var(--tamano4-font-weight);\r\n        line-height: var(--tamano4-line-height);\r\n        letter-spacing: var(--tamano4-letter-spacing);\r\n        font-family: var(--tamano4-font-family);\r\n        color: var(--color-2-headings-dark);\r\n    }\r\n\r\n    .text_content_text_1_1 ul,\r\n    .text_content_text_1_1 ol {\r\n        padding-left: 20px;\r\n    }\r\n\r\n    .text_content_text_1_1 .row .col {\r\n        padding-top: 75px;\r\n        width: 100%;\r\n    }\r\n\r\n\r\n    .text_content_text_1_1 .texto {\r\n        margin-bottom: 50px;\r\n    }\r\n\r\n    .text_content_text_1_1 .texto * {\r\n        padding-bottom: 20px;\r\n    }\r\n\r\n\r\n    .text_content_text_1_1 .row {\r\n        display: flex;\r\n        gap: 0px;\r\n    }\r\n\r\n    .text_content_text_1_1 {\r\n        position: relative;\r\n        background-position: center;\r\n        background-repeat: no-repeat;\r\n        background-size: cover;\r\n        padding: 81px 150px;\r\n        margin-top: -1px;\r\n    }\r\n\r\n    @media (max-width:1750px) {\r\n        .text_content_text_1_1 .row {\r\n            gap: 100px;\r\n        }\r\n    }\r\n\r\n    @media (max-width:1550px) {\r\n        .text_content_text_1_1 {\r\n            padding-left: 50px;\r\n            padding-right: 50px;\r\n        }\r\n    }\r\n\r\n    @media (max-width:1350px) {\r\n        .text_content_text_1_1 .row {\r\n            gap: 30px;\r\n        }\r\n    }\r\n\r\n    @media (max-width:1200px) {\r\n        .text_content_text_1_1 {\r\n            padding-left: 0;\r\n            padding-right: 0;\r\n        }\r\n    }\r\n\r\n    @media (max-width:992px) {\r\n        .text_content_text_1_1 .row .col-left {\r\n            padding-top: 0;\r\n            max-width: 100%;\r\n        }\r\n\r\n        .text_content_text_1_1 .texto {\r\n            margin-bottom: 35px;\r\n        }\r\n\r\n        .text_content_text_1_1 h2 {\r\n            padding-bottom: 40px;\r\n        }\r\n\r\n        .text_content_text_1_1 {\r\n            padding: 40px 0;\r\n        }\r\n\r\n        .text_content_text_1_1 h1 {\r\n            font-size: var(--tamano1-font-size-mobile);\r\n        }\r\n\r\n        .text_content_text_1_1 h2 {\r\n            font-size: var(--tamano2-font-size-mobile);\r\n        }\r\n\r\n        .text_content_text_1_1 h3 {\r\n            font-size: var(--tamano3-font-size-mobile);\r\n        }\r\n\r\n        .text_content_text_1_1 h4 {\r\n            font-size: var(--tamano4-font-size-mobile);\r\n        }\r\n    }\r\n<\/style>\r\n","protected":false},"excerpt":{"rendered":"","protected":false},"author":0,"featured_media":0,"parent":0,"menu_order":0,"comment_status":"open","ping_status":"closed","template":"","meta":{"_acf_changed":false,"iawp_total_views":1,"footnotes":""},"class_list":["post-887","page","type-page","status-publish","hentry"],"acf":[],"yoast_head":"<!-- This site is optimized with the Yoast SEO plugin v27.4 - https:\/\/yoast.com\/product\/yoast-seo-wordpress\/ -->\n<title>Declaraci\u00f3n de Accesibilidad - DRB On Road<\/title>\n<meta name=\"description\" content=\"Descubre c\u00f3mo la autoevaluaci\u00f3n garantiza el cumplimiento de accesibilidad en DRB On Road. Contacta para dudas o sugerencias.\" \/>\n<meta name=\"robots\" content=\"index, follow, max-snippet:-1, max-image-preview:large, max-video-preview:-1\" \/>\n<link rel=\"canonical\" href=\"https:\/\/onroadrb.com\/en\/accessibility-statement\/\" \/>\n<meta property=\"og:locale\" content=\"en_US\" \/>\n<meta property=\"og:type\" content=\"article\" \/>\n<meta property=\"og:title\" content=\"Declaraci\u00f3n de Accesibilidad - DRB On Road\" \/>\n<meta property=\"og:description\" content=\"Descubre c\u00f3mo la autoevaluaci\u00f3n garantiza el cumplimiento de accesibilidad en DRB On Road. Contacta para dudas o sugerencias.\" \/>\n<meta property=\"og:url\" content=\"https:\/\/onroadrb.com\/en\/accessibility-statement\/\" \/>\n<meta property=\"og:site_name\" content=\"DRB On Road\" \/>\n<meta property=\"article:modified_time\" content=\"2025-10-10T10:23:13+00:00\" \/>\n<meta name=\"twitter:card\" content=\"summary_large_image\" \/>\n<!-- \/ Yoast SEO plugin. -->","yoast_head_json":{"title":"Declaraci\u00f3n de Accesibilidad - DRB On Road","description":"Descubre c\u00f3mo la autoevaluaci\u00f3n garantiza el cumplimiento de accesibilidad en DRB On Road. Contacta para dudas o sugerencias.","robots":{"index":"index","follow":"follow","max-snippet":"max-snippet:-1","max-image-preview":"max-image-preview:large","max-video-preview":"max-video-preview:-1"},"canonical":"https:\/\/onroadrb.com\/en\/accessibility-statement\/","og_locale":"en_US","og_type":"article","og_title":"Declaraci\u00f3n de Accesibilidad - DRB On Road","og_description":"Descubre c\u00f3mo la autoevaluaci\u00f3n garantiza el cumplimiento de accesibilidad en DRB On Road. Contacta para dudas o sugerencias.","og_url":"https:\/\/onroadrb.com\/en\/accessibility-statement\/","og_site_name":"DRB On Road","article_modified_time":"2025-10-10T10:23:13+00:00","twitter_card":"summary_large_image","schema":{"@context":"https:\/\/schema.org","@graph":[{"@type":"WebPage","@id":"https:\/\/onroadrb.com\/en\/accessibility-statement\/","url":"https:\/\/onroadrb.com\/en\/accessibility-statement\/","name":"Declaraci\u00f3n de Accesibilidad - DRB On Road","isPartOf":{"@id":"https:\/\/onroadrb.com\/en\/#website"},"datePublished":"2025-01-31T14:50:24+00:00","dateModified":"2025-10-10T10:23:13+00:00","description":"Descubre c\u00f3mo la autoevaluaci\u00f3n garantiza el cumplimiento de accesibilidad en DRB On Road. Contacta para dudas o sugerencias.","breadcrumb":{"@id":"https:\/\/onroadrb.com\/en\/accessibility-statement\/#breadcrumb"},"inLanguage":"en-US","potentialAction":[{"@type":"ReadAction","target":["https:\/\/onroadrb.com\/en\/accessibility-statement\/"]}]},{"@type":"BreadcrumbList","@id":"https:\/\/onroadrb.com\/en\/accessibility-statement\/#breadcrumb","itemListElement":[{"@type":"ListItem","position":1,"name":"Portada","item":"https:\/\/onroadrb.com\/en\/"},{"@type":"ListItem","position":2,"name":"Accessibility statement"}]},{"@type":"WebSite","@id":"https:\/\/onroadrb.com\/en\/#website","url":"https:\/\/onroadrb.com\/en\/","name":"DRB On Road","description":"","publisher":{"@id":"https:\/\/onroadrb.com\/en\/#organization"},"potentialAction":[{"@type":"SearchAction","target":{"@type":"EntryPoint","urlTemplate":"https:\/\/onroadrb.com\/en\/?s={search_term_string}"},"query-input":{"@type":"PropertyValueSpecification","valueRequired":true,"valueName":"search_term_string"}}],"inLanguage":"en-US"},{"@type":"Organization","@id":"https:\/\/onroadrb.com\/en\/#organization","name":"DRB On Road","url":"https:\/\/onroadrb.com\/en\/","logo":{"@type":"ImageObject","inLanguage":"en-US","@id":"https:\/\/onroadrb.com\/en\/#\/schema\/logo\/image\/","url":"https:\/\/onroadrb.com\/wp-content\/uploads\/2025\/01\/Leonardo_Phoenix_09_Logo_para_DRB_On_Road_fondo_blanco_estilo_0.jpg","contentUrl":"https:\/\/onroadrb.com\/wp-content\/uploads\/2025\/01\/Leonardo_Phoenix_09_Logo_para_DRB_On_Road_fondo_blanco_estilo_0.jpg","width":768,"height":768,"caption":"DRB On Road"},"image":{"@id":"https:\/\/onroadrb.com\/en\/#\/schema\/logo\/image\/"}}]}},"_links":{"self":[{"href":"https:\/\/onroadrb.com\/en\/wp-json\/wp\/v2\/pages\/887","targetHints":{"allow":["GET"]}}],"collection":[{"href":"https:\/\/onroadrb.com\/en\/wp-json\/wp\/v2\/pages"}],"about":[{"href":"https:\/\/onroadrb.com\/en\/wp-json\/wp\/v2\/types\/page"}],"replies":[{"embeddable":true,"href":"https:\/\/onroadrb.com\/en\/wp-json\/wp\/v2\/comments?post=887"}],"version-history":[{"count":3,"href":"https:\/\/onroadrb.com\/en\/wp-json\/wp\/v2\/pages\/887\/revisions"}],"predecessor-version":[{"id":1437,"href":"https:\/\/onroadrb.com\/en\/wp-json\/wp\/v2\/pages\/887\/revisions\/1437"}],"wp:attachment":[{"href":"https:\/\/onroadrb.com\/en\/wp-json\/wp\/v2\/media?parent=887"}],"curies":[{"name":"wp","href":"https:\/\/api.w.org\/{rel}","templated":true}]}}